{"id":472,"date":"2025-01-31T12:27:39","date_gmt":"2025-01-31T12:27:39","guid":{"rendered":"https:\/\/crevilla.projectes.biz\/?page_id=472"},"modified":"2025-03-14T10:23:59","modified_gmt":"2025-03-14T10:23:59","slug":"formacion","status":"publish","type":"page","link":"https:\/\/crevilla.projectes.biz\/es\/formacion\/","title":{"rendered":"Formaci\u00f3n"},"content":{"rendered":"<style>.kb-row-layout-id472_ad0028-57 > .kt-row-column-wrap{align-content:start;}:where(.kb-row-layout-id472_ad0028-57 > .kt-row-column-wrap) > .wp-block-kadence-column{justify-content:start;}.kb-row-layout-id472_ad0028-57 > .kt-row-column-wrap{column-gap:60px;row-gap:var(--global-kb-gap-md, 2rem);max-width:1400px;margin-left:auto;margin-right:auto;padding-top:30px;padding-right:20px;padding-bottom:1px;padding-left:20px;grid-template-columns:minmax(0, calc(50% - ((60px * 1 )\/2)))minmax(0, calc(50% - ((60px * 1 )\/2)));}.kb-row-layout-id472_ad0028-57 > .kt-row-layout-overlay{opacity:0.30;}@media all and (max-width: 1024px){.kb-row-layout-id472_ad0028-57 > .kt-row-column-wrap{grid-template-columns:repeat(2, minmax(0, 1fr));}}@media all and (max-width: 767px){.kb-row-layout-id472_ad0028-57 > .kt-row-column-wrap{grid-template-columns:minmax(0, 1fr);}}<\/style><div class=\"kb-row-layout-wrap kb-row-layout-id472_ad0028-57 alignfull header_inside wp-block-kadence-rowlayout\"><div class=\"kt-row-column-wrap kt-has-2-columns kt-row-layout-equal kt-tab-layout-inherit kt-mobile-layout-row kt-row-valign-top\">\n<style>.kadence-column472_f3ce6e-47 > .kt-inside-inner-col,.kadence-column472_f3ce6e-47 > .kt-inside-inner-col:before{border-top-left-radius:0px;border-top-right-radius:0px;border-bottom-right-radius:0px;border-bottom-left-radius:0px;}.kadence-column472_f3ce6e-47 > .kt-inside-inner-col{column-gap:var(--global-kb-gap-sm, 1rem);}.kadence-column472_f3ce6e-47 > .kt-inside-inner-col{flex-direction:column;}.kadence-column472_f3ce6e-47 > .kt-inside-inner-col > .aligncenter{width:100%;}.kadence-column472_f3ce6e-47 > .kt-inside-inner-col:before{opacity:0.3;}.kadence-column472_f3ce6e-47{position:relative;}@media all and (max-width: 1024px){.kadence-column472_f3ce6e-47 > .kt-inside-inner-col{flex-direction:column;}}@media all and (max-width: 767px){.kadence-column472_f3ce6e-47 > .kt-inside-inner-col{flex-direction:column;}}<\/style>\n<div class=\"wp-block-kadence-column kadence-column472_f3ce6e-47\"><div class=\"kt-inside-inner-col\">\n<h1 class=\"wp-block-heading\">Formaci\u00f3n<\/h1>\n\n\n\n<p>En un entorno digital en constante evoluci\u00f3n, la formaci\u00f3n continua es clave para que empresas y profesionales puedan adaptarse y aprovechar las oportunidades del mercado. Contar con conocimientos actualizados en estrategia y marketing digital no solo permite optimizar las acciones en l\u00ednea, sino tambi\u00e9n tomar decisiones fundamentadas para generar oportunidades de negocio de forma coordinada con la estrategia comercial internacional de la empresa.<\/p>\n\n\n\n<p>Desde hace m\u00e1s de 10 a\u00f1os, imparto formaci\u00f3n en m\u00e1steres en escuelas de negocio como EAE Business School o EADA Business School. Tambi\u00e9n he colaborado en programas formativos con entidades empresariales p\u00fablicas y privadas como ACCI\u00d3, la Agencia para la Competitividad de la Empresa de la Generalitat de Catalunya, o la asociaci\u00f3n empresarial multisectorial AMEC. Esta experiencia, enriquecida con el conocimiento adquirido a trav\u00e9s de los proyectos con mis clientes, me ha permitido desarrollar un enfoque pr\u00e1ctico y orientado a la realidad del mercado, combinando teor\u00eda con aplicaci\u00f3n directa en casos reales. Trabajo con metodolog\u00edas activas para garantizar que los conocimientos adquiridos puedan implementarse de manera inmediata en el entorno profesional de los participantes.<\/p>\n\n\n\n<h2 class=\"wp-block-heading\">Programas de formaci\u00f3n adaptados a tu negocio<\/h2>\n\n\n\n<p>Ofrezco programas de formaci\u00f3n dise\u00f1ados a medida, adaptados a las necesidades y objetivos de cada empresa o entidad. Trabajo junto a los equipos para desarrollar sus habilidades y ejecutar acciones de marketing digital en tiempo real y con una visi\u00f3n estrat\u00e9gica. A trav\u00e9s de esta metodolog\u00eda, garantizo una formaci\u00f3n pr\u00e1ctica y aplicada, alineada con los desaf\u00edos espec\u00edficos de cada organizaci\u00f3n. Mis formaciones aportan una visi\u00f3n omnicanal del marketing, entendiendo que la estrategia digital debe estar alineada con la estrategia comercial e internacionalizaci\u00f3n para maximizar su impacto.<\/p>\n\n\n\n<p>Cada formaci\u00f3n se dise\u00f1a en colaboraci\u00f3n con el cliente, definiendo un plan formativo que responda a sus retos y objetivos. Ya sea en formato presencial o en l\u00ednea, las sesiones pueden estructurarse como workshops intensivos o programas de capacitaci\u00f3n m\u00e1s extensos, seg\u00fan las necesidades del equipo.<\/p>\n\n\n\n<p>Las \u00e1reas en las que imparto formaci\u00f3n pueden ser globales, relacionadas con estrategia y marketing digital, o espec\u00edficas, como el posicionamiento org\u00e1nico en buscadores (SEO), campa\u00f1as publicitarias en l\u00ednea, social commerce, gesti\u00f3n de redes sociales o anal\u00edtica digital, entre otras. En cada una de ellas, combino teor\u00eda y pr\u00e1ctica para que los participantes no solo comprendan los conceptos clave, sino que tambi\u00e9n sepan aplicarlos a su realidad empresarial. Trabajo con herramientas y metodolog\u00edas avanzadas, asegurando que cada sesi\u00f3n tenga un impacto directo en la optimizaci\u00f3n de los procesos y la mejora de resultados.<\/p>\n<\/div><\/div>\n\n\n<style>.kadence-column472_a5aadb-0c > .kt-inside-inner-col{display:flex;}.kadence-column472_a5aadb-0c > .kt-inside-inner-col{padding-top:90px;}.kadence-column472_a5aadb-0c > .kt-inside-inner-col,.kadence-column472_a5aadb-0c > .kt-inside-inner-col:before{border-top-left-radius:0px;border-top-right-radius:0px;border-bottom-right-radius:0px;border-bottom-left-radius:0px;}.kadence-column472_a5aadb-0c > .kt-inside-inner-col{column-gap:var(--global-kb-gap-sm, 1rem);}.kadence-column472_a5aadb-0c > .kt-inside-inner-col{flex-direction:column;align-items:center;}.kadence-column472_a5aadb-0c > .kt-inside-inner-col > .kb-image-is-ratio-size{align-self:stretch;}.kadence-column472_a5aadb-0c > .kt-inside-inner-col > .wp-block-kadence-advancedgallery{align-self:stretch;}.kadence-column472_a5aadb-0c > .kt-inside-inner-col > .aligncenter{width:100%;}.kadence-column472_a5aadb-0c > .kt-inside-inner-col:before{opacity:0.3;}.kadence-column472_a5aadb-0c{position:relative;}@media all and (max-width: 1024px){.kadence-column472_a5aadb-0c > .kt-inside-inner-col{flex-direction:column;align-items:center;}}@media all and (max-width: 767px){.kadence-column472_a5aadb-0c > .kt-inside-inner-col{padding-top:0px;flex-direction:column;align-items:center;}}<\/style>\n<div class=\"wp-block-kadence-column kadence-column472_a5aadb-0c\"><div class=\"kt-inside-inner-col\">\n<figure class=\"wp-block-image size-large animated zoomIn slower\"><img loading=\"lazy\" decoding=\"async\" width=\"452\" height=\"1453\" src=\"https:\/\/crevilla.projectes.biz\/wp-content\/uploads\/2025\/02\/Carles_revilla_ilustracion_formacion.svg\" alt=\"Ilustraci\u00f3n formaci\u00f3n\" class=\"wp-image-201\"\/><\/figure>\n<\/div><\/div>\n\n<\/div><\/div>\n\n<style>.kb-row-layout-wrap.wp-block-kadence-rowlayout.kb-row-layout-id472_d9577a-40{margin-top:80px;}.kb-row-layout-id472_d9577a-40 > .kt-row-column-wrap{align-content:start;}:where(.kb-row-layout-id472_d9577a-40 > .kt-row-column-wrap) > .wp-block-kadence-column{justify-content:start;}.kb-row-layout-id472_d9577a-40 > .kt-row-column-wrap{column-gap:var(--global-kb-gap-md, 2rem);row-gap:var(--global-kb-gap-md, 2rem);max-width:640px;margin-left:auto;margin-right:auto;padding-top:0px;padding-right:0px;padding-bottom:80px;padding-left:0px;grid-template-columns:minmax(0, 1fr);}.kb-row-layout-id472_d9577a-40{border-top:1px solid #565656;}.kb-row-layout-id472_d9577a-40 > .kt-row-layout-overlay{opacity:0.30;}@media all and (max-width: 1024px){.kb-row-layout-id472_d9577a-40 > .kt-row-column-wrap{grid-template-columns:minmax(0, 1fr);}}@media all and (max-width: 1024px){.kb-row-layout-id472_d9577a-40{border-top:1px solid #565656;}}@media all and (max-width: 767px){.kb-row-layout-id472_d9577a-40 > .kt-row-column-wrap{padding-right:20px;padding-left:20px;grid-template-columns:minmax(0, 1fr);}.kb-row-layout-id472_d9577a-40{border-top:1px solid #565656;}}<\/style><div class=\"kb-row-layout-wrap kb-row-layout-id472_d9577a-40 alignfull footer_contact_inside wp-block-kadence-rowlayout\"><div class=\"kt-row-column-wrap kt-has-1-columns kt-row-layout-equal kt-tab-layout-inherit kt-mobile-layout-row kt-row-valign-top\">\n<style>.kadence-column472_8307e1-22 > .kt-inside-inner-col{display:flex;}.kadence-column472_8307e1-22 > .kt-inside-inner-col{padding-top:50px;}.kadence-column472_8307e1-22 > .kt-inside-inner-col,.kadence-column472_8307e1-22 > .kt-inside-inner-col:before{border-top-left-radius:0px;border-top-right-radius:0px;border-bottom-right-radius:0px;border-bottom-left-radius:0px;}.kadence-column472_8307e1-22 > .kt-inside-inner-col{column-gap:var(--global-kb-gap-sm, 1rem);}.kadence-column472_8307e1-22 > .kt-inside-inner-col{flex-direction:column;align-items:center;}.kadence-column472_8307e1-22 > .kt-inside-inner-col > .kb-image-is-ratio-size{align-self:stretch;}.kadence-column472_8307e1-22 > .kt-inside-inner-col > .wp-block-kadence-advancedgallery{align-self:stretch;}.kadence-column472_8307e1-22 > .kt-inside-inner-col > .aligncenter{width:100%;}.kadence-column472_8307e1-22 > .kt-inside-inner-col{background-image:url('https:\/\/crevilla.projectes.biz\/wp-content\/uploads\/2025\/02\/line_contact_home.svg');background-size:auto;background-position:50% 0%;background-attachment:scroll;background-repeat:no-repeat;}.kadence-column472_8307e1-22 > .kt-inside-inner-col:before{opacity:0.3;}.kadence-column472_8307e1-22{position:relative;}@media all and (max-width: 1024px){.kadence-column472_8307e1-22 > .kt-inside-inner-col{flex-direction:column;align-items:center;}}@media all and (max-width: 767px){.kadence-column472_8307e1-22 > .kt-inside-inner-col{flex-direction:column;align-items:center;}}<\/style>\n<div class=\"wp-block-kadence-column kadence-column472_8307e1-22\"><div class=\"kt-inside-inner-col\"><div>\t<div id=\"footercontactinside_hype_container\" class=\"HYPE_document\" style=\"margin:auto;position:relative;width:622px;height:169px;overflow:hidden;\">\n\t\t<script type=\"text\/javascript\" charset=\"utf-8\" src=\"https:\/\/crevilla.projectes.biz\/wp-content\/uploads\/hypeanimations\/4\/footer_contact_inside.hyperesources\/footercontactinside_hype_generated_script.js?14160\"><\/script>\n\t<\/div>\n<\/div>\n\n\n\n<h4 class=\"wp-block-heading has-text-align-center\">Si buscas una formaci\u00f3n personalizada, alineada con las necesidades de tu negocio y enfocada a resultados tangibles, hablamos y dise\u00f1amos juntos el programa ideal para tu equipo.<\/h4>\n\n\n\n<div class=\"wpcf7 no-js\" id=\"wpcf7-f498-o1\" lang=\"es-ES\" dir=\"ltr\" data-wpcf7-id=\"498\">\n<div class=\"screen-reader-response\"><p role=\"status\" aria-live=\"polite\" aria-atomic=\"true\"><\/p> <ul><\/ul><\/div>\n<form action=\"\/es\/wp-json\/wp\/v2\/pages\/472#wpcf7-f498-o1\" method=\"post\" class=\"wpcf7-form init\" aria-label=\"Formulario de contacto\" novalidate=\"novalidate\" data-status=\"init\">\n<div style=\"display: none;\">\n<input type=\"hidden\" name=\"_wpcf7\" value=\"498\" \/>\n<input type=\"hidden\" name=\"_wpcf7_version\" value=\"6.0.3\" \/>\n<input type=\"hidden\" name=\"_wpcf7_locale\" value=\"es_ES\" \/>\n<input type=\"hidden\" name=\"_wpcf7_unit_tag\" value=\"wpcf7-f498-o1\" \/>\n<input type=\"hidden\" name=\"_wpcf7_container_post\" value=\"0\" \/>\n<input type=\"hidden\" name=\"_wpcf7_posted_data_hash\" value=\"\" \/>\n<\/div>\n<p>\t\t<div id=\"cf7md-form\" class=\"cf7md-form\">\n\t\t\t<div class=\"mdc-layout-grid\">\n\t\t\t\t\t\t\t\t\n\t\t<div class=\"cf7md-item cf7md-text mdc-layout-grid__cell mdc-layout-grid__cell--span-12 mdc-layout-grid__cell--span-6-desktop mdc-layout-grid__cell--span-4-tablet mdc-layout-grid__cell--span-4-mobile\">\n\t\t\t<br \/>\n<label for=\"nombre\">Nombre y Apellidos<\/label><br \/>\n<span class=\"wpcf7-form-control-wrap\" data-name=\"your-name\"><input size=\"40\" maxlength=\"400\" class=\"wpcf7-form-control wpcf7-text wpcf7-validates-as-required\" id=\"nombre\" aria-required=\"true\" aria-invalid=\"false\" placeholder=\"\" value=\"\" type=\"text\" name=\"your-name\" \/><\/span><br \/>\n\t\t\t\t\t\t<div style=\"display: none;\" class=\"cf7md-text-html\">\n\t\t\t\t<div class=\"mdc-textfield\" data-mdc-auto-init=\"MDCTextfield\">\n\t\t\t\t\t<label class=\"mdc-textfield__label\">Nombre y Apellidos<\/label>\n\t\t\t\t<\/div>\n\t\t\t<\/div>\n\t\t<\/div>\n\t\t\t\t<div class=\"cf7md-item cf7md-text mdc-layout-grid__cell mdc-layout-grid__cell--span-12 mdc-layout-grid__cell--span-6-desktop mdc-layout-grid__cell--span-4-tablet mdc-layout-grid__cell--span-4-mobile\">\n\t\t\t<br \/>\n<label for=\"email\">Correo electr\u00f3nico<\/label><br \/>\n<span class=\"wpcf7-form-control-wrap\" data-name=\"your-email\"><input size=\"40\" maxlength=\"400\" class=\"wpcf7-form-control wpcf7-email wpcf7-validates-as-required wpcf7-text wpcf7-validates-as-email\" id=\"email\" aria-required=\"true\" aria-invalid=\"false\" placeholder=\"\" value=\"\" type=\"email\" name=\"your-email\" \/><\/span><br \/>\n\t\t\t\t\t\t<div style=\"display: none;\" class=\"cf7md-text-html\">\n\t\t\t\t<div class=\"mdc-textfield\" data-mdc-auto-init=\"MDCTextfield\">\n\t\t\t\t\t<label class=\"mdc-textfield__label\">Correo electr\u00f3nico<\/label>\n\t\t\t\t<\/div>\n\t\t\t<\/div>\n\t\t<\/div>\n\t\t\t\t<div class=\"cf7md-item cf7md-textarea mdc-layout-grid__cell mdc-layout-grid__cell--span-12 mdc-layout-grid__cell--span-12-desktop mdc-layout-grid__cell--span-8-tablet mdc-layout-grid__cell--span-4-mobile cf7md-textarea-autosize\">\n\t\t\t<br \/>\n<label for=\"mensaje\">Vuestro mensaje\"<\/label><br \/>\n<span class=\"wpcf7-form-control-wrap\" data-name=\"your-message\"><textarea cols=\"40\" rows=\"10\" maxlength=\"2000\" class=\"wpcf7-form-control wpcf7-textarea wpcf7-validates-as-required\" id=\"mensaje\" aria-required=\"true\" aria-invalid=\"false\" placeholder=\"\" name=\"your-message\"><\/textarea><\/span><br \/>\n\t\t\t\t\t\t<div style=\"display: none;\" class=\"cf7md-text-html\">\n\t\t\t\t<div class=\"mdc-textfield mdc-textfield--multiline mdc-textfield--upgraded\" data-mdc-auto-init=\"MDCTextfield\">\n\t\t\t\t\t<label class=\"mdc-textfield__label\">Vuestro mensaje<\/label>\n\t\t\t\t<\/div>\n\t\t\t<\/div>\n\t\t<\/div>\n\t\t\n<\/p>\n<p><span class=\"wpcf7-form-control-wrap\" data-name=\"acceptance-224\"><span class=\"wpcf7-form-control wpcf7-acceptance optional\"><span class=\"wpcf7-list-item\"><label><input type=\"checkbox\" name=\"acceptance-224\" value=\"1\" aria-invalid=\"false\" \/><span class=\"wpcf7-list-item-label\">He le\u00eddo y acepto <a href=\"https:\/\/crevilla.projectes.biz\/aviso-legal\/\">el aviso legal<\/a> y <a href=\"https:\/\/crevilla.projectes.biz\/politica-de-privacidad\/\">la pol\u00edtica de privacidad<\/a><\/span><\/label><\/span><\/span><\/span>\n<\/p>\n<p>\t\t<div class=\"cf7md-item cf7md-submit mdc-layout-grid__cell mdc-layout-grid__cell--span-12 mdc-layout-grid__cell--span-12-desktop mdc-layout-grid__cell--span-8-tablet mdc-layout-grid__cell--span-4-mobile\">\n\t\t\t<br \/>\n<input class=\"wpcf7-form-control wpcf7-submit has-spinner\" type=\"submit\" value=\"Enviar\" \/><br \/>\n\t\t\t<svg class=\"cf7md-spinner\" width=\"25px\" height=\"25px\" viewBox=\"0 0 66 66\" xmlns=\"http:\/\/www.w3.org\/2000\/svg\">\n\t\t\t\t<circle class=\"cf7md-spinner-path\" fill=\"none\" stroke-width=\"6\" stroke-linecap=\"round\" cx=\"33\" cy=\"33\" r=\"30\"><\/circle>\n\t\t\t<\/svg>\n\t\t<\/div>\n\t\t<br \/>\n\t\t\t\t\t\t\t<\/div>\n\t\t<\/div>\n\t\t\n<\/p><div class=\"wpcf7-response-output\" aria-hidden=\"true\"><\/div>\n<\/form>\n<\/div>\n\n<\/div><\/div>\n\n<\/div><\/div>","protected":false},"excerpt":{"rendered":"<p>Formaci\u00f3n En un entorno digital en constante evoluci\u00f3n, la formaci\u00f3n continua es clave para que empresas y profesionales puedan adaptarse y aprovechar las oportunidades del mercado. Contar con conocimientos actualizados en estrategia y marketing digital no solo permite optimizar las acciones en l\u00ednea, sino tambi\u00e9n tomar decisiones fundamentadas para generar oportunidades de negocio de forma &hellip;<\/p>\n","protected":false},"author":1,"featured_media":0,"parent":0,"menu_order":0,"comment_status":"closed","ping_status":"closed","template":"templates\/template-builder.php","meta":{"inline_featured_image":false,"_kad_blocks_custom_css":"","_kad_blocks_head_custom_js":"","_kad_blocks_body_custom_js":"","_kad_blocks_footer_custom_js":"","footnotes":""},"class_list":["post-472","page","type-page","status-publish","hentry","post","without-featured-image"],"taxonomy_info":[],"featured_image_src_large":false,"author_info":{"display_name":"admin","author_link":"https:\/\/crevilla.projectes.biz\/es\/author\/server_5wr5ppl3\/"},"comment_info":0,"_links":{"self":[{"href":"https:\/\/crevilla.projectes.biz\/es\/wp-json\/wp\/v2\/pages\/472","targetHints":{"allow":["GET"]}}],"collection":[{"href":"https:\/\/crevilla.projectes.biz\/es\/wp-json\/wp\/v2\/pages"}],"about":[{"href":"https:\/\/crevilla.projectes.biz\/es\/wp-json\/wp\/v2\/types\/page"}],"author":[{"embeddable":true,"href":"https:\/\/crevilla.projectes.biz\/es\/wp-json\/wp\/v2\/users\/1"}],"replies":[{"embeddable":true,"href":"https:\/\/crevilla.projectes.biz\/es\/wp-json\/wp\/v2\/comments?post=472"}],"version-history":[{"count":1,"href":"https:\/\/crevilla.projectes.biz\/es\/wp-json\/wp\/v2\/pages\/472\/revisions"}],"predecessor-version":[{"id":473,"href":"https:\/\/crevilla.projectes.biz\/es\/wp-json\/wp\/v2\/pages\/472\/revisions\/473"}],"wp:attachment":[{"href":"https:\/\/crevilla.projectes.biz\/es\/wp-json\/wp\/v2\/media?parent=472"}],"curies":[{"name":"wp","href":"https:\/\/api.w.org\/{rel}","templated":true}]}}