{"id":477,"date":"2025-01-31T12:28:33","date_gmt":"2025-01-31T12:28:33","guid":{"rendered":"https:\/\/crevilla.projectes.biz\/?page_id=477"},"modified":"2025-03-14T11:09:31","modified_gmt":"2025-03-14T11:09:31","slug":"trabajamos-juntos","status":"publish","type":"page","link":"https:\/\/crevilla.projectes.biz\/es\/trabajamos-juntos\/","title":{"rendered":"\u00bfTrabajamos juntos?"},"content":{"rendered":"\n<h1 class=\"wp-block-heading has-text-align-center\">\u00bfTrabajamos juntos?<\/h1>\n\n\n\n<p class=\"has-text-align-center\">Si buscas un enfoque estrat\u00e9gico para fortalecer tu presencia digital y alinear tus acciones con los objetivos de tu negocio, puedo ayudarte. Dise\u00f1emos juntos soluciones adaptadas, combinando an\u00e1lisis, planificaci\u00f3n y ejecuci\u00f3n para obtener resultados reales. Hablemos y exploremos c\u00f3mo impulsar tu proyecto.<\/p>\n\n\n\n<h3 class=\"wp-block-heading has-text-align-center h5\">Direcci\u00f3n<\/h3>\n\n\n<style>.kb-row-layout-id477_94ced6-e5 > .kt-row-column-wrap{align-content:start;}:where(.kb-row-layout-id477_94ced6-e5 > .kt-row-column-wrap) > .wp-block-kadence-column{justify-content:start;}.kb-row-layout-id477_94ced6-e5 > .kt-row-column-wrap{column-gap:var(--global-kb-gap-md, 2rem);row-gap:var(--global-kb-gap-md, 2rem);padding-top:0px;padding-bottom:24px;grid-template-columns:repeat(2, minmax(0, 1fr));}.kb-row-layout-id477_94ced6-e5 > .kt-row-layout-overlay{opacity:0.30;}@media all and (max-width: 1024px){.kb-row-layout-id477_94ced6-e5 > .kt-row-column-wrap{grid-template-columns:repeat(2, minmax(0, 1fr));}}@media all and (max-width: 767px){.kb-row-layout-id477_94ced6-e5 > .kt-row-column-wrap{grid-template-columns:minmax(0, 1fr);}}<\/style><div class=\"kb-row-layout-wrap kb-row-layout-id477_94ced6-e5 alignnone wp-block-kadence-rowlayout\"><div class=\"kt-row-column-wrap kt-has-2-columns kt-row-layout-equal kt-tab-layout-inherit kt-mobile-layout-row kt-row-valign-top\">\n<style>.kadence-column477_9a2969-32 > .kt-inside-inner-col,.kadence-column477_9a2969-32 > .kt-inside-inner-col:before{border-top-left-radius:0px;border-top-right-radius:0px;border-bottom-right-radius:0px;border-bottom-left-radius:0px;}.kadence-column477_9a2969-32 > .kt-inside-inner-col{column-gap:var(--global-kb-gap-sm, 1rem);}.kadence-column477_9a2969-32 > .kt-inside-inner-col{flex-direction:column;}.kadence-column477_9a2969-32 > .kt-inside-inner-col > .aligncenter{width:100%;}.kadence-column477_9a2969-32 > .kt-inside-inner-col:before{opacity:0.3;}.kadence-column477_9a2969-32{position:relative;}@media all and (max-width: 1024px){.kadence-column477_9a2969-32 > .kt-inside-inner-col{flex-direction:column;}}@media all and (max-width: 767px){.kadence-column477_9a2969-32 > .kt-inside-inner-col{flex-direction:column;}}<\/style>\n<div class=\"wp-block-kadence-column kadence-column477_9a2969-32\"><div class=\"kt-inside-inner-col\">\n<p class=\"has-text-align-center\">Carrer de l\u2019Ateneu, Sant Just Desvern, Baix Llobregat.<\/p>\n\n\n<style>.kb-google-maps-container477_5403ab-fd{height:268px;}.kb-google-maps-container477_5403ab-fd{filter:grayscale(100%);}<\/style><div class=\"kb-google-maps-container kb-google-maps-container477_5403ab-fd  wp-block-kadence-googlemaps\" data-mapid=\"477_5403abfd\"><iframe width=\"100%\" height=\"100%\"\n\t\t\t\t\t\t\tstyle=\"border:0\" loading=\"lazy\"\n\t\t\t\t\t\t\tsrc=\"https:\/\/www.google.com\/maps\/embed\/v1\/place?key=AIzaSyBAM2o7PiQqwk15LC1XRH2e_KJ-jUa7KYk&#038;zoom=17&#038;maptype=roadmap&#038;q=Carrer+de+l%E2%80%99Ateneu%2C+Sant+Just+Desvern%2C+Baix+Llobregat\"\n\t\t\t\t\t\t\ttitle=\"Mapa de Google de Carrer de l\u2019Ateneu, Sant Just Desvern, Baix Llobregat\"><\/iframe><\/div><script>function kb_google_map477_5403abfd() { let center = { lat: 37.8201, lng: -122.4781}; let map = new google.maps.Map(document.getElementById(\"kb-google-map477_5403abfd\"), {\n\t\t\t\t\t    zoom: 17,\n\t\t\t\t\t    center: center,});let marker = new google.maps.Marker({   position: { lat: 37.8201, lng: -122.4781},    map: map,  });}<\/script><\/div><\/div>\n\n\n<style>.kadence-column477_6949b6-ef > .kt-inside-inner-col,.kadence-column477_6949b6-ef > .kt-inside-inner-col:before{border-top-left-radius:0px;border-top-right-radius:0px;border-bottom-right-radius:0px;border-bottom-left-radius:0px;}.kadence-column477_6949b6-ef > .kt-inside-inner-col{column-gap:var(--global-kb-gap-sm, 1rem);}.kadence-column477_6949b6-ef > .kt-inside-inner-col{flex-direction:column;}.kadence-column477_6949b6-ef > .kt-inside-inner-col > .aligncenter{width:100%;}.kadence-column477_6949b6-ef > .kt-inside-inner-col:before{opacity:0.3;}.kadence-column477_6949b6-ef{position:relative;}@media all and (max-width: 1024px){.kadence-column477_6949b6-ef > .kt-inside-inner-col{flex-direction:column;}}@media all and (max-width: 767px){.kadence-column477_6949b6-ef > .kt-inside-inner-col{flex-direction:column;}}<\/style>\n<div class=\"wp-block-kadence-column kadence-column477_6949b6-ef\"><div class=\"kt-inside-inner-col\">\n<p class=\"has-text-align-center\">Carrer del Salt, Val\u00e8ncia d\u2019\u00c0neu, Pallars Sobir\u00e0.<\/p>\n\n\n<style>.kb-google-maps-container477_12902b-49{height:268px;}.kb-google-maps-container477_12902b-49{filter:grayscale(100%);}<\/style><div class=\"kb-google-maps-container kb-google-maps-container477_12902b-49  wp-block-kadence-googlemaps\" data-mapid=\"477_12902b49\"><iframe width=\"100%\" height=\"100%\"\n\t\t\t\t\t\t\tstyle=\"border:0\" loading=\"lazy\"\n\t\t\t\t\t\t\tsrc=\"https:\/\/www.google.com\/maps\/embed\/v1\/place?key=AIzaSyBAM2o7PiQqwk15LC1XRH2e_KJ-jUa7KYk&#038;zoom=17&#038;maptype=roadmap&#038;q=Carrer+del+Salt%2C+Val%C3%A8ncia+d%E2%80%99%C3%80neu%2C+Pallars+Sobir%C3%A0\"\n\t\t\t\t\t\t\ttitle=\"Mapa de Google de Carrer del Salt, Val\u00e8ncia d\u2019\u00c0neu, Pallars Sobir\u00e0\"><\/iframe><\/div><script>function kb_google_map477_12902b49() { let center = { lat: 37.8201, lng: -122.4781}; let map = new google.maps.Map(document.getElementById(\"kb-google-map477_12902b49\"), {\n\t\t\t\t\t    zoom: 17,\n\t\t\t\t\t    center: center,});let marker = new google.maps.Marker({   position: { lat: 37.8201, lng: -122.4781},    map: map,  });}<\/script><\/div><\/div>\n\n<\/div><\/div>\n\n<style>.kb-row-layout-wrap.wp-block-kadence-rowlayout.kb-row-layout-id477_a318a8-81{margin-top:60px;}.kb-row-layout-id477_a318a8-81 > .kt-row-column-wrap{align-content:start;}:where(.kb-row-layout-id477_a318a8-81 > .kt-row-column-wrap) > .wp-block-kadence-column{justify-content:start;}.kb-row-layout-id477_a318a8-81 > .kt-row-column-wrap{column-gap:var(--global-kb-gap-md, 2rem);row-gap:var(--global-kb-gap-md, 2rem);padding-top:0px;padding-bottom:80px;grid-template-columns:minmax(0, 1fr);}.kb-row-layout-id477_a318a8-81{border-top:1px solid #565656;}.kb-row-layout-id477_a318a8-81 > .kt-row-layout-overlay{opacity:0.30;}@media all and (max-width: 1024px){.kb-row-layout-id477_a318a8-81 > .kt-row-column-wrap{grid-template-columns:minmax(0, 1fr);}}@media all and (max-width: 1024px){.kb-row-layout-id477_a318a8-81{border-top:1px solid #565656;}}@media all and (max-width: 767px){.kb-row-layout-id477_a318a8-81 > .kt-row-column-wrap{grid-template-columns:minmax(0, 1fr);}.kb-row-layout-id477_a318a8-81{border-top:1px solid #565656;}}<\/style><div class=\"kb-row-layout-wrap kb-row-layout-id477_a318a8-81 alignfull wp-block-kadence-rowlayout\"><div class=\"kt-row-column-wrap kt-has-1-columns kt-row-layout-equal kt-tab-layout-inherit kt-mobile-layout-row kt-row-valign-top\">\n<style>.kadence-column477_0a541a-dc > .kt-inside-inner-col{display:flex;}.kadence-column477_0a541a-dc > .kt-inside-inner-col{padding-top:50px;}.kadence-column477_0a541a-dc > .kt-inside-inner-col,.kadence-column477_0a541a-dc > .kt-inside-inner-col:before{border-top-left-radius:0px;border-top-right-radius:0px;border-bottom-right-radius:0px;border-bottom-left-radius:0px;}.kadence-column477_0a541a-dc > .kt-inside-inner-col{column-gap:var(--global-kb-gap-sm, 1rem);}.kadence-column477_0a541a-dc > .kt-inside-inner-col{flex-direction:column;align-items:center;}.kadence-column477_0a541a-dc > .kt-inside-inner-col > .kb-image-is-ratio-size{align-self:stretch;}.kadence-column477_0a541a-dc > .kt-inside-inner-col > .wp-block-kadence-advancedgallery{align-self:stretch;}.kadence-column477_0a541a-dc > .kt-inside-inner-col > .aligncenter{width:100%;}.kadence-column477_0a541a-dc > .kt-inside-inner-col{background-image:url('https:\/\/crevilla.projectes.biz\/wp-content\/uploads\/2025\/02\/line_contact_home.svg');background-size:auto;background-position:50% 0%;background-attachment:scroll;background-repeat:no-repeat;}.kadence-column477_0a541a-dc > .kt-inside-inner-col:before{opacity:0.3;}.kadence-column477_0a541a-dc{position:relative;}@media all and (max-width: 1024px){.kadence-column477_0a541a-dc > .kt-inside-inner-col{flex-direction:column;align-items:center;}}@media all and (max-width: 767px){.kadence-column477_0a541a-dc > .kt-inside-inner-col{flex-direction:column;align-items:center;}}<\/style>\n<div class=\"wp-block-kadence-column kadence-column477_0a541a-dc\"><div class=\"kt-inside-inner-col\"><div>\t<div id=\"homecircles03_hype_container\" class=\"HYPE_document\" style=\"margin:auto;position:relative;width:962px;height:261px;overflow:hidden;\">\n\t\t<script type=\"text\/javascript\" charset=\"utf-8\" src=\"https:\/\/crevilla.projectes.biz\/wp-content\/uploads\/hypeanimations\/3\/home_circles_03.hyperesources\/homecircles03_hype_generated_script.js?98944\"><\/script>\n\t<\/div>\n<\/div>\n\n\n\n<p class=\"has-text-align-center\"><\/p>\n\n\n\n<div class=\"wpcf7 no-js\" id=\"wpcf7-f498-o1\" lang=\"es-ES\" dir=\"ltr\" data-wpcf7-id=\"498\">\n<div class=\"screen-reader-response\"><p role=\"status\" aria-live=\"polite\" aria-atomic=\"true\"><\/p> <ul><\/ul><\/div>\n<form action=\"\/es\/wp-json\/wp\/v2\/pages\/477#wpcf7-f498-o1\" method=\"post\" class=\"wpcf7-form init\" aria-label=\"Formulario de contacto\" novalidate=\"novalidate\" data-status=\"init\">\n<div style=\"display: none;\">\n<input type=\"hidden\" name=\"_wpcf7\" value=\"498\" \/>\n<input type=\"hidden\" name=\"_wpcf7_version\" value=\"6.0.3\" \/>\n<input type=\"hidden\" name=\"_wpcf7_locale\" value=\"es_ES\" \/>\n<input type=\"hidden\" name=\"_wpcf7_unit_tag\" value=\"wpcf7-f498-o1\" \/>\n<input type=\"hidden\" name=\"_wpcf7_container_post\" value=\"0\" \/>\n<input type=\"hidden\" name=\"_wpcf7_posted_data_hash\" value=\"\" \/>\n<\/div>\n<p>\t\t<div id=\"cf7md-form\" class=\"cf7md-form\">\n\t\t\t<div class=\"mdc-layout-grid\">\n\t\t\t\t\t\t\t\t\n\t\t<div class=\"cf7md-item cf7md-text mdc-layout-grid__cell mdc-layout-grid__cell--span-12 mdc-layout-grid__cell--span-6-desktop mdc-layout-grid__cell--span-4-tablet mdc-layout-grid__cell--span-4-mobile\">\n\t\t\t<br \/>\n<label for=\"nombre\">Nombre y Apellidos<\/label><br \/>\n<span class=\"wpcf7-form-control-wrap\" data-name=\"your-name\"><input size=\"40\" maxlength=\"400\" class=\"wpcf7-form-control wpcf7-text wpcf7-validates-as-required\" id=\"nombre\" aria-required=\"true\" aria-invalid=\"false\" placeholder=\"\" value=\"\" type=\"text\" name=\"your-name\" \/><\/span><br \/>\n\t\t\t\t\t\t<div style=\"display: none;\" class=\"cf7md-text-html\">\n\t\t\t\t<div class=\"mdc-textfield\" data-mdc-auto-init=\"MDCTextfield\">\n\t\t\t\t\t<label class=\"mdc-textfield__label\">Nombre y Apellidos<\/label>\n\t\t\t\t<\/div>\n\t\t\t<\/div>\n\t\t<\/div>\n\t\t\t\t<div class=\"cf7md-item cf7md-text mdc-layout-grid__cell mdc-layout-grid__cell--span-12 mdc-layout-grid__cell--span-6-desktop mdc-layout-grid__cell--span-4-tablet mdc-layout-grid__cell--span-4-mobile\">\n\t\t\t<br \/>\n<label for=\"email\">Correo electr\u00f3nico<\/label><br \/>\n<span class=\"wpcf7-form-control-wrap\" data-name=\"your-email\"><input size=\"40\" maxlength=\"400\" class=\"wpcf7-form-control wpcf7-email wpcf7-validates-as-required wpcf7-text wpcf7-validates-as-email\" id=\"email\" aria-required=\"true\" aria-invalid=\"false\" placeholder=\"\" value=\"\" type=\"email\" name=\"your-email\" \/><\/span><br \/>\n\t\t\t\t\t\t<div style=\"display: none;\" class=\"cf7md-text-html\">\n\t\t\t\t<div class=\"mdc-textfield\" data-mdc-auto-init=\"MDCTextfield\">\n\t\t\t\t\t<label class=\"mdc-textfield__label\">Correo electr\u00f3nico<\/label>\n\t\t\t\t<\/div>\n\t\t\t<\/div>\n\t\t<\/div>\n\t\t\t\t<div class=\"cf7md-item cf7md-textarea mdc-layout-grid__cell mdc-layout-grid__cell--span-12 mdc-layout-grid__cell--span-12-desktop mdc-layout-grid__cell--span-8-tablet mdc-layout-grid__cell--span-4-mobile cf7md-textarea-autosize\">\n\t\t\t<br \/>\n<label for=\"mensaje\">Vuestro mensaje\"<\/label><br \/>\n<span class=\"wpcf7-form-control-wrap\" data-name=\"your-message\"><textarea cols=\"40\" rows=\"10\" maxlength=\"2000\" class=\"wpcf7-form-control wpcf7-textarea wpcf7-validates-as-required\" id=\"mensaje\" aria-required=\"true\" aria-invalid=\"false\" placeholder=\"\" name=\"your-message\"><\/textarea><\/span><br \/>\n\t\t\t\t\t\t<div style=\"display: none;\" class=\"cf7md-text-html\">\n\t\t\t\t<div class=\"mdc-textfield mdc-textfield--multiline mdc-textfield--upgraded\" data-mdc-auto-init=\"MDCTextfield\">\n\t\t\t\t\t<label class=\"mdc-textfield__label\">Vuestro mensaje<\/label>\n\t\t\t\t<\/div>\n\t\t\t<\/div>\n\t\t<\/div>\n\t\t\n<\/p>\n<p><span class=\"wpcf7-form-control-wrap\" data-name=\"acceptance-224\"><span class=\"wpcf7-form-control wpcf7-acceptance optional\"><span class=\"wpcf7-list-item\"><label><input type=\"checkbox\" name=\"acceptance-224\" value=\"1\" aria-invalid=\"false\" \/><span class=\"wpcf7-list-item-label\">He le\u00eddo y acepto <a href=\"https:\/\/crevilla.projectes.biz\/aviso-legal\/\">el aviso legal<\/a> y <a href=\"https:\/\/crevilla.projectes.biz\/politica-de-privacidad\/\">la pol\u00edtica de privacidad<\/a><\/span><\/label><\/span><\/span><\/span>\n<\/p>\n<p>\t\t<div class=\"cf7md-item cf7md-submit mdc-layout-grid__cell mdc-layout-grid__cell--span-12 mdc-layout-grid__cell--span-12-desktop mdc-layout-grid__cell--span-8-tablet mdc-layout-grid__cell--span-4-mobile\">\n\t\t\t<br \/>\n<input class=\"wpcf7-form-control wpcf7-submit has-spinner\" type=\"submit\" value=\"Enviar\" \/><br \/>\n\t\t\t<svg class=\"cf7md-spinner\" width=\"25px\" height=\"25px\" viewBox=\"0 0 66 66\" xmlns=\"http:\/\/www.w3.org\/2000\/svg\">\n\t\t\t\t<circle class=\"cf7md-spinner-path\" fill=\"none\" stroke-width=\"6\" stroke-linecap=\"round\" cx=\"33\" cy=\"33\" r=\"30\"><\/circle>\n\t\t\t<\/svg>\n\t\t<\/div>\n\t\t<br \/>\n\t\t\t\t\t\t\t<\/div>\n\t\t<\/div>\n\t\t\n<\/p><div class=\"wpcf7-response-output\" aria-hidden=\"true\"><\/div>\n<\/form>\n<\/div>\n\n<\/div><\/div>\n\n<\/div><\/div>","protected":false},"excerpt":{"rendered":"<p>\u00bfTrabajamos juntos? Si buscas un enfoque estrat\u00e9gico para fortalecer tu presencia digital y alinear tus acciones con los objetivos de tu negocio, puedo ayudarte. Dise\u00f1emos juntos soluciones adaptadas, combinando an\u00e1lisis, planificaci\u00f3n y ejecuci\u00f3n para obtener resultados reales. Hablemos y exploremos c\u00f3mo impulsar tu proyecto. Direcci\u00f3n Carrer de l\u2019Ateneu, Sant Just Desvern, Baix Llobregat. Carrer del &hellip;<\/p>\n","protected":false},"author":1,"featured_media":0,"parent":0,"menu_order":0,"comment_status":"closed","ping_status":"closed","template":"templates\/template-builder.php","meta":{"inline_featured_image":false,"_kad_blocks_custom_css":"","_kad_blocks_head_custom_js":"","_kad_blocks_body_custom_js":"","_kad_blocks_footer_custom_js":"","footnotes":""},"class_list":["post-477","page","type-page","status-publish","hentry","post","without-featured-image"],"taxonomy_info":[],"featured_image_src_large":false,"author_info":{"display_name":"admin","author_link":"https:\/\/crevilla.projectes.biz\/es\/author\/server_5wr5ppl3\/"},"comment_info":0,"_links":{"self":[{"href":"https:\/\/crevilla.projectes.biz\/es\/wp-json\/wp\/v2\/pages\/477","targetHints":{"allow":["GET"]}}],"collection":[{"href":"https:\/\/crevilla.projectes.biz\/es\/wp-json\/wp\/v2\/pages"}],"about":[{"href":"https:\/\/crevilla.projectes.biz\/es\/wp-json\/wp\/v2\/types\/page"}],"author":[{"embeddable":true,"href":"https:\/\/crevilla.projectes.biz\/es\/wp-json\/wp\/v2\/users\/1"}],"replies":[{"embeddable":true,"href":"https:\/\/crevilla.projectes.biz\/es\/wp-json\/wp\/v2\/comments?post=477"}],"version-history":[{"count":3,"href":"https:\/\/crevilla.projectes.biz\/es\/wp-json\/wp\/v2\/pages\/477\/revisions"}],"predecessor-version":[{"id":493,"href":"https:\/\/crevilla.projectes.biz\/es\/wp-json\/wp\/v2\/pages\/477\/revisions\/493"}],"wp:attachment":[{"href":"https:\/\/crevilla.projectes.biz\/es\/wp-json\/wp\/v2\/media?parent=477"}],"curies":[{"name":"wp","href":"https:\/\/api.w.org\/{rel}","templated":true}]}}